{"id":46,"date":"2025-06-03T08:51:35","date_gmt":"2025-06-03T08:51:35","guid":{"rendered":"https:\/\/stanimirgenov.com\/formtool\/wp\/?page_id=46"},"modified":"2025-07-22T10:08:48","modified_gmt":"2025-07-22T10:08:48","slug":"clients","status":"publish","type":"page","link":"https:\/\/formtool.de\/index.php\/clients\/","title":{"rendered":"Clients"},"content":{"rendered":"\t\t<div data-elementor-type=\"wp-page\" data-elementor-id=\"46\" class=\"elementor elementor-46\">\n\t\t\t\t<div class=\"elementor-element elementor-element-1523390 e-con-full e-flex e-con e-parent\" data-id=\"1523390\" data-element_type=\"container\" data-settings=\"{&quot;background_background&quot;:&quot;classic&quot;,&quot;position&quot;:&quot;fixed&quot;}\">\n\t\t\t\t<div class=\"elementor-element elementor-element-9a39cd7 elementor-widget elementor-widget-ucaddon_fullscreen_navigation_menu\" data-id=\"9a39cd7\" data-element_type=\"widget\" data-widget_type=\"ucaddon_fullscreen_navigation_menu.default\">\n\t\t\t\t<div class=\"elementor-widget-container\">\n\t\t\t\t\t\n<!-- start Fullscreen Menu -->\n\t\t<link id='font-awesome-css' href='https:\/\/formtool.de\/wp-content\/plugins\/unlimited-elements-for-elementor\/assets_libraries\/font-awesome6\/fontawesome-all.min.css' type='text\/css' rel='stylesheet' >\n\t\t<link id='font-awesome-4-shim-css' href='https:\/\/formtool.de\/wp-content\/plugins\/unlimited-elements-for-elementor\/assets_libraries\/font-awesome6\/fontawesome-v4-shims.min.css' type='text\/css' rel='stylesheet' >\n\n<style>\/* widget: Fullscreen Menu *\/\n\n.elementor-sticky{\n\toverflow: visible !important;\n}\n\n\n\t\n\n\n#uc_fullscreen_navigation_menu_elementor_9a39cd7 * {\n  box-sizing: border-box;\n}\n#uc_fullscreen_navigation_menu_elementor_9a39cd7 a,\n#uc_fullscreen_navigation_menu_elementor_9a39cd7 a:visited,\n#uc_fullscreen_navigation_menu_elementor_9a39cd7 a:hover,\n#uc_fullscreen_navigation_menu_elementor_9a39cd7 a:active {\n  text-decoration: none;\n}\n\n\n#uc_fullscreen_navigation_menu_elementor_9a39cd7 .ue-input-wrapper\n{\n  position:relative;\n  \n}\n\n#uc_fullscreen_navigation_menu_elementor_9a39cd7 .ue-input-wrapper-align{\n  display:flex;\n}\n#uc_fullscreen_navigation_menu_elementor_9a39cd7 .ue_hamburger *{\n  transition: all 200ms;\n}\n#uc_fullscreen_navigation_menu_elementor_9a39cd7 .ue_hamburger_custom_open svg\n{\n  height:1em;\n  width:1em;\n}\n\n#uc_fullscreen_navigation_menu_elementor_9a39cd7 .ue_hamburger_custom_close svg\n{\n  height:1em;\n  width:1em;\n}\n\n#uc_fullscreen_navigation_menu_elementor_9a39cd7 .uc_hamburger{\n  display: inline-block;  \n}\n\n#uc_fullscreen_navigation_menu_elementor_9a39cd7 .uc_line{\n  transition: all .3s;\n}\n\n#uc_fullscreen_navigation_menu_elementor_9a39cd7{\n  position:relative;\n  z-index:99998;\n}\n\n#uc_fullscreen_navigation_menu_elementor_9a39cd7 .checkbox-toggle {\n  position: absolute;\n  z-index: 100000000;\n  cursor: pointer;\n  opacity: 0;\n  top:0px;\n}\n\n#uc_fullscreen_navigation_menu_elementor_9a39cd7 .checkbox-toggle:checked + .ue_hamburger > div:after {\n  opacity: 0;\n}\n#uc_fullscreen_navigation_menu_elementor_9a39cd7.menu-opened .ue_menu {\n  pointer-events: auto;\n}\n#uc_fullscreen_navigation_menu_elementor_9a39cd7.menu-opened .ue_menu > div.ue_inner_menu {\n      visibility: visible;\n  -webkit-transition-duration: 0.75s;\n          transition-duration: 0.75s;\n}\n#uc_fullscreen_navigation_menu_elementor_9a39cd7.menu-opened .ue_menu > div.ue_inner_menu > div > div {\n  opacity: 1;\n  transition: opacity 0.4s ease 0.4s;\n}\n\n\/* start open transition animations *\/\n\t\n\n#uc_fullscreen_navigation_menu_elementor_9a39cd7 .ue_menu .ue_inner_menu {\ntransform: translate(-100%, 0);\n}\n#uc_fullscreen_navigation_menu_elementor_9a39cd7.menu-opened .ue_menu > div.ue_inner_menu {\n  -webkit-transform: translate(0, 0);\n          transform: translate(0, 0);\n}\n\t\n\n\t\n\n\t\n\n\t\n\n\t\n\n\t\n\n\t\n\n\t\n\/* end open transition animations *\/\n\n#uc_fullscreen_navigation_menu_elementor_9a39cd7 .ue_hamburger {\n  top: 0;\n  cursor: pointer;\n  transition: 0.4s;\n  backface-visibility: hidden;\n  display: flex;\n  align-items: center;\n  justify-content: center;\n  position:absolute;\n  z-index:99999999;\n}\n\n\n      #uc_fullscreen_navigation_menu_elementor_9a39cd7 .checkbox-toggle:checked + .ue_hamburger > div {\n              transform: rotate(135deg);\n    }\n    #uc_fullscreen_navigation_menu_elementor_9a39cd7 .checkbox-toggle:checked + .ue_hamburger > div:before,\n    #uc_fullscreen_navigation_menu_elementor_9a39cd7 .checkbox-toggle:checked + .ue_hamburger > div:after {\n      top: 0;\n      -webkit-transform: rotate(90deg);\n              transform: rotate(90deg);\n    }\n    #uc_fullscreen_navigation_menu_elementor_9a39cd7 .checkbox-toggle:checked:hover + .ue_hamburger > div {\n              transform: rotate(225deg);\n    }\n    #uc_fullscreen_navigation_menu_elementor_9a39cd7 .ue_hamburger > div {\n      position: relative;\n      -webkit-box-flex: 0;\n              flex: none;\n      width: 100%;\n      height: 2px;\n      transition: all 0.4s ease;\n      display: flex;\n              align-items: center;\n              justify-content: center;\n      background-color:#000000;\n    }\n\n    #uc_fullscreen_navigation_menu_elementor_9a39cd7 .checkbox-toggle:checked + .ue_hamburger > div {\n              color:#000000;\n              background-color:;\n    }\n\n    #uc_fullscreen_navigation_menu_elementor_9a39cd7 input:hover + .ue_hamburger > div{\n      background-color:#000000;\n    }\n\n    #uc_fullscreen_navigation_menu_elementor_9a39cd7 .ue_hamburger > div:before,\n    #uc_fullscreen_navigation_menu_elementor_9a39cd7 .ue_hamburger > div:after {\n      content: '';\n      position: absolute;\n      z-index: 1;\n      top: -10px;\n      left: 0;\n      width: 100%;\n      height: 2px;\n      background: inherit;\n    }\n\n    #uc_fullscreen_navigation_menu_elementor_9a39cd7 .ue_hamburger > div:after {\n      top: 10px;\n    }\n  \/* end effects == \"def\" *\/\n\n\n\n\n#uc_fullscreen_navigation_menu_elementor_9a39cd7 .ue_menu {\n  position: fixed;\n  top: 0;\n  left: 0;\n  width: 100%;\n  pointer-events: none;\n  visibility: hidden;       \n  backface-visibility: hidden;\n  outline: none;\n  display: flex;\n  align-items: center;\n  justify-content: center;\n}\n\n\/* start protection from doubled fixed section in elementor *\/\n.uc-hidden #uc_fullscreen_navigation_menu_elementor_9a39cd7 .ue_menu{\n   opacity: 0;\n   pointer-events: none;\n}\n.uc-visible #uc_fullscreen_navigation_menu_elementor_9a39cd7 .ue_menu{\n   opacity: 1;\n   pointer-events: all;\n}\n\/* end protection from doubled fixed section in elementor *\/\n\n#uc_fullscreen_navigation_menu_elementor_9a39cd7 .ue_menu .ue_inner_menu {\n  color: #fff;\n  transition: all 0.4s ease;\n  height: 100vh;\n  overflow-y: auto;\n  overflow-x: hidden;\n  display: flex;\n}\n#uc_fullscreen_navigation_menu_elementor_9a39cd7 .ue_inner_menu-box{\n    margin-top: auto;\n  \t\n  margin-bottom: auto;\n  width: 100vw;\n  flex: none;\n  backface-visibility: hidden;\n  display: flex;\n  flex-direction: column;\n  align-items: center;\n}\n#uc_fullscreen_navigation_menu_elementor_9a39cd7 .ue_menu > div > div > div {\n  max-width: 90vw;\n  width: 100%;\n  opacity: 0;\n  -webkit-transition: opacity 0.4s ease;\n  transition: opacity 0.4s ease;\n  overflow-y: auto;\n  flex: none;\n  display: flex;\n  align-items: center;\n}\n#uc_fullscreen_navigation_menu_elementor_9a39cd7 ul:not(#uc_fullscreen_navigation_menu_elementor_9a39cd7 section ul) {\n  list-style: none;\n  margin: 0;\n  display: block;\n  padding:0px;\n}\n#uc_fullscreen_navigation_menu_elementor_9a39cd7 .ue_menu  div  div  ul li {\n  padding: 0;\n  display: block;\n}\n#uc_fullscreen_navigation_menu_elementor_9a39cd7 .ue_menu  div  div  ul  li a {\n  position: relative;\n  display: inline-flex;\n  align-items: center;\n  cursor: pointer;\n  transition: color 0.4s ease;\n}\n\n#uc_fullscreen_navigation_menu_elementor_9a39cd7 .ue_menu  div  div  ul  li  a:hover {\n}\n\n\n\n\n\t\n\n\n\n.ue_menu_wrapper\n{\n  position:relative;\n}\n\n\n\n\n#uc_fullscreen_navigation_menu_elementor_9a39cd7 .ue_menu-social-icons a\n{\n  display:inline-block;\n  line-height:1em;\n}\n\n#uc_fullscreen_navigation_menu_elementor_9a39cd7 .ue_menu-social-icons a svg\n{\n  height:1em;\n  width:1em;\n}\n\n#uc_fullscreen_navigation_menu_elementor_9a39cd7 .sub-menu\n{\ntransition: 0.5s;\noverflow: hidden;\nheight: auto;\n}\n\n#uc_fullscreen_navigation_menu_elementor_9a39cd7 .collapsed i::before,\n#uc_fullscreen_navigation_menu_elementor_9a39cd7 .expanded i::before{\n    font-weight: 900;\n  \tfont-size: 14px;\n    line-height:1em;\n  \tdisplay: inline-block;\n    vertical-align: middle;\n}\n#uc_fullscreen_navigation_menu_elementor_9a39cd7 .uc-menu-item-pointer{\n  \tposition: absolute;\n  \tpointer-events: all;\n           right: -15px;\n  \t   transform: translate(14px,0);\n    }\n\n#uc_fullscreen_navigation_menu_elementor_9a39cd7 .uc-menu-item-pointer > *{\n  pointer-events: none;\n}\n\n#uc_fullscreen_navigation_menu_elementor_9a39cd7 .uc-menu-item-pointer svg{\n\twidth: 14px;\n  \theight: 14px;\n}\n\n#uc_fullscreen_navigation_menu_elementor_9a39cd7 .ue_hamburger > div, #uc_fullscreen_navigation_menu_elementor_9a39cd7 .ue_hamburger > div:before, #uc_fullscreen_navigation_menu_elementor_9a39cd7  .ue_hamburger > div:after{\n outline: 0px solid #000000;\n}\n#uc_fullscreen_navigation_menu_elementor_9a39cd7 input:hover + .ue_hamburger > div, #uc_fullscreen_navigation_menu_elementor_9a39cd7 input:hover + .ue_hamburger > div:before, #uc_fullscreen_navigation_menu_elementor_9a39cd7 input:hover + .ue_hamburger > div:after{\n outline: 0px solid #000000;\n}\n\n\n<\/style>\n\n<div class=\"outer-menu\" id=\"uc_fullscreen_navigation_menu_elementor_9a39cd7\">\n  \n  <div class=\"ue_menu_wrapper\">\n    <div class=\"ue-input-wrapper-align\">\n    <div class=\"ue-input-wrapper\">\n    \n    <input data-uid=\"uc_fullscreen_navigation_menu_elementor_9a39cd7_input\" autocomplete=\"off\" name=\"uc_fullscreen_navigation_menu_elementor_9a39cd7_input\" class=\"checkbox-toggle\" type=\"checkbox\" aria-label=\"menu\" \/>   \n    \n    <div class=\"ue_hamburger uc_animated_hamburger_icon\" role=\"button\" tabindex=\"0\" aria-expanded=\"false\" aria-controls=\"uc_fullscreen_navigation_menu_elementor_9a39cd7_menu\">\n      \n              <div>\n          \t\n        <\/div>\n      \t\n      \n          <\/div>\n      \n    <\/div>\n    <\/div>\n  \n    <div class=\"ue_menu\">\n\n      <div class=\"ue_inner_menu\" data-closeothers=\"no\" data-clickable='false' data-icon-position=\"end\" data-icon-source=\"\" data-expandall=\"false\">\n\n                \t<div class=\"ue_inner_menu_expand_icon\" style=\"display: none\"><i class='fas fa-arrow-down'><\/i><\/div>\n        \t<div class=\"ue_inner_menu_collapse_icon\" style=\"display: none\"><i class='fas fa-arrow-up'><\/i><\/div>\n        \t\n        \n        <div class=\"ue_inner_menu-box\">\n\n          <div><\/div>\n\n          \t\n\n          <div>\n            <ul id=\"menu-main\" class=\"uc-list-menu\"><li id=\"menu-item-54\" class=\"menu-item menu-item-type-post_type menu-item-object-page menu-item-54\"><a href=\"https:\/\/formtool.de\/index.php\/work\/\" itemprop=\"url\">WORK<\/a><\/li>\n<li id=\"menu-item-52\" class=\"menu-item menu-item-type-post_type menu-item-object-page menu-item-52\"><a href=\"https:\/\/formtool.de\/index.php\/clients\/\" itemprop=\"url\">CLIENTS<\/a><\/li>\n<li id=\"menu-item-53\" class=\"menu-item menu-item-type-post_type menu-item-object-page menu-item-53\"><a href=\"https:\/\/formtool.de\/index.php\/contact\/\" itemprop=\"url\">CONTACT<\/a><\/li>\n<\/ul>\n          <\/div>\n\n\n          \t\n\n          <div><\/div>\n\n        <\/div>\n\n      <\/div>\n    <\/div>\n  \n  <\/div>\n<\/div>\n<!-- end Fullscreen Menu -->\t\t\t\t<\/div>\n\t\t\t\t<\/div>\n\t\t\t\t<div class=\"elementor-element elementor-element-b33aaa7 elementor-widget elementor-widget-heading\" data-id=\"b33aaa7\" data-element_type=\"widget\" data-widget_type=\"heading.default\">\n\t\t\t\t<div class=\"elementor-widget-container\">\n\t\t\t\t\t<h1 class=\"elementor-heading-title elementor-size-default\"><a href=\"https:\/\/formtool.de\/\"><span>FORM<\/span>TOOL<\/a><\/h1>\t\t\t\t<\/div>\n\t\t\t\t<\/div>\n\t\t\t\t<\/div>\n\t\t<div class=\"elementor-element elementor-element-5bcea33 e-flex e-con-boxed e-con e-parent\" data-id=\"5bcea33\" data-element_type=\"container\">\n\t\t\t\t\t<div class=\"e-con-inner\">\n\t\t<div class=\"elementor-element elementor-element-106874a e-con-full e-flex e-con e-child\" data-id=\"106874a\" data-element_type=\"container\">\n\t\t\t\t<div class=\"elementor-element elementor-element-cc27ca8 elementor-widget elementor-widget-heading\" data-id=\"cc27ca8\" data-element_type=\"widget\" data-widget_type=\"heading.default\">\n\t\t\t\t<div class=\"elementor-widget-container\">\n\t\t\t\t\t<h1 class=\"elementor-heading-title elementor-size-default\">Clients:<\/h1>\t\t\t\t<\/div>\n\t\t\t\t<\/div>\n\t\t\t\t<\/div>\n\t\t\t\t\t<\/div>\n\t\t\t\t<\/div>\n\t\t<div class=\"elementor-element elementor-element-68b3775 e-flex e-con-boxed e-con e-parent\" data-id=\"68b3775\" data-element_type=\"container\">\n\t\t\t\t\t<div class=\"e-con-inner\">\n\t\t<div class=\"elementor-element elementor-element-54fe3f3 e-con-full e-flex e-con e-child\" data-id=\"54fe3f3\" data-element_type=\"container\">\n\t\t\t\t<div class=\"elementor-element elementor-element-ca17705 elementor-widget elementor-widget-text-editor\" data-id=\"ca17705\" data-element_type=\"widget\" data-widget_type=\"text-editor.default\">\n\t\t\t\t<div class=\"elementor-widget-container\">\n\t\t\t\t\t\t\t\t\t<p>RKW Architektur+<br \/>Art Invest<br \/>SOP Architekten<br \/>Quantum<br \/>IHK K\u00f6ln<br \/>BFK Architekten<br \/>Supergelb Architekten<br \/>BADTKE Architektur<br \/>greeen! architects<br \/>Wienstroer Architekten<br \/>Strabag<br \/>Development Partner<br \/>Cosimo Investment Group<br \/>Studio Gr\u00fcngrau<br \/>Molestina Architekten<br \/>Kraft Raum<br \/>Fischer Architekten<br \/>GNA Architekten<br \/>Sassenscheidt<\/p>\t\t\t\t\t\t\t\t<\/div>\n\t\t\t\t<\/div>\n\t\t\t\t<\/div>\n\t\t<div class=\"elementor-element elementor-element-6440823 e-con-full e-flex e-con e-child\" data-id=\"6440823\" data-element_type=\"container\">\n\t\t\t\t<div class=\"elementor-element elementor-element-6390539 elementor-widget elementor-widget-text-editor\" data-id=\"6390539\" data-element_type=\"widget\" data-widget_type=\"text-editor.default\">\n\t\t\t\t<div class=\"elementor-widget-container\">\n\t\t\t\t\t\t\t\t\t<p>K6 Architekten<br \/>D\u00fcsseldorf Marketing<br \/>Chapman Taylor<br \/>Hochtief<br \/>KF Architekten<br \/>AJF Architekten<br \/>HPP Architekten<br \/>BilleBeyeScheid Architekten<br \/>IHK D\u00fcsseldorf<br \/>Sky Labs<br \/>HIH Real Estate<br \/>Thomas Sch\u00fcler Architekten<br \/>Steam Architekten<br \/>Lucas Architekten<br \/>nesseler projektidee<br \/>Absolut Immobillien<br \/>Berlinovo Grundst\u00fccksentwicklungs<br \/>BMC Baupartner<\/p>\t\t\t\t\t\t\t\t<\/div>\n\t\t\t\t<\/div>\n\t\t\t\t<\/div>\n\t\t\t\t\t<\/div>\n\t\t\t\t<\/div>\n\t\t\t\t<\/div>\n\t\t","protected":false},"excerpt":{"rendered":"<p>WORK CLIENTS CONTACT FORMTOOL Clients: RKW Architektur+Art InvestSOP ArchitektenQuantumIHK K\u00f6lnBFK ArchitektenSupergelb ArchitektenBADTKE Architekturgreeen! architectsWienstroer ArchitektenStrabagDevelopment PartnerCosimo Investment GroupStudio Gr\u00fcngrauMolestina ArchitektenKraft RaumFischer ArchitektenGNA ArchitektenSassenscheidt K6 ArchitektenD\u00fcsseldorf MarketingChapman TaylorHochtiefKF ArchitektenAJF ArchitektenHPP ArchitektenBilleBeyeScheid ArchitektenIHK D\u00fcsseldorfSky LabsHIH Real EstateThomas Sch\u00fcler ArchitektenSteam ArchitektenLucas Architektennesseler projektideeAbsolut ImmobillienBerlinovo Grundst\u00fccksentwicklungsBMC Baupartner<\/p>\n","protected":false},"author":1,"featured_media":0,"parent":0,"menu_order":0,"comment_status":"closed","ping_status":"closed","template":"","meta":{"footnotes":""},"class_list":["post-46","page","type-page","status-publish","hentry"],"_links":{"self":[{"href":"https:\/\/formtool.de\/index.php\/wp-json\/wp\/v2\/pages\/46","targetHints":{"allow":["GET"]}}],"collection":[{"href":"https:\/\/formtool.de\/index.php\/wp-json\/wp\/v2\/pages"}],"about":[{"href":"https:\/\/formtool.de\/index.php\/wp-json\/wp\/v2\/types\/page"}],"author":[{"embeddable":true,"href":"https:\/\/formtool.de\/index.php\/wp-json\/wp\/v2\/users\/1"}],"replies":[{"embeddable":true,"href":"https:\/\/formtool.de\/index.php\/wp-json\/wp\/v2\/comments?post=46"}],"version-history":[{"count":22,"href":"https:\/\/formtool.de\/index.php\/wp-json\/wp\/v2\/pages\/46\/revisions"}],"predecessor-version":[{"id":667,"href":"https:\/\/formtool.de\/index.php\/wp-json\/wp\/v2\/pages\/46\/revisions\/667"}],"wp:attachment":[{"href":"https:\/\/formtool.de\/index.php\/wp-json\/wp\/v2\/media?parent=46"}],"curies":[{"name":"wp","href":"https:\/\/api.w.org\/{rel}","templated":true}]}}